{"id":3563,"date":"2015-02-09T11:44:07","date_gmt":"2015-02-09T13:44:07","guid":{"rendered":"http:\/\/musaspublishers.com\/ecu\/?page_id=3563"},"modified":"2025-10-29T14:05:03","modified_gmt":"2025-10-29T17:05:03","slug":"experiencia","status":"publish","type":"page","link":"https:\/\/ecu.edu.uy\/sitioweb\/experiencia\/","title":{"rendered":"Experiencia"},"content":{"rendered":"<p>En esta secci\u00f3n nuestro objetivo es difundir la experiencia de nuestras egresadas y egresados, tanto durante su paso por la escuela como despu\u00e9s de egresar e insertarse en el medio profesional.<\/p>\n<p>En la secci\u00f3n <strong>\u201c<a title=\"Cortos Curriculares\" href=\"http:\/\/ecu.edu.uy\/cortos-curriculares\/\">Cortos Curriculares<\/a>\u201d<\/strong> pod\u00e9s ver una selecci\u00f3n de ejercicios de realizaci\u00f3n y tesis de egreso de varias generaciones de la ECU, con su correspondiente ficha t\u00e9cnica y a\u00f1o de realizaci\u00f3n. En <strong>\u201c<a title=\"Egresados\" href=\"http:\/\/ecu.edu.uy\/egresades\/\">Egresades<\/a>\u201d<\/strong> ofrecemos un perfil de qui\u00e9nes son, qu\u00e9 han hecho y qu\u00e9 est\u00e1n haciendo en el medio audiovisual quienes han egresado de nuestra <a href=\"http:\/\/ecu.edu.uy\/carrera-de-realizacion-cinematografica\/\"><strong>Carrera de Realizaci\u00f3n<\/strong><\/a>.<\/p>\n<p>En la ECU sentimos mucho orgullo por los logros y \u00e9xitos de quienes han pasado por nuestros cursos, cuyas realizaciones son, de hecho, nuestra mejor carta de presentaci\u00f3n.<\/p>\n<p>A prop\u00f3sito, para celebrar los 20 a\u00f1os de la ECU en 2015 editamos <strong>&#8220;En Cartel: 20 a\u00f1os de cine uruguayo en afiches&#8221;<\/strong>, una publicaci\u00f3n que celebra y recopila las pel\u00edculas de largometraje nacionales estrenadas entre 1995 y 2015, entre las que hay varias realizadas por egresados, egresadas y docentes de nuestra escuela. La publicaci\u00f3n puede leerse o <a href=\"https:\/\/www.dropbox.com\/s\/u9fli1juartunyj\/CATALOGO_web.pdf?dl=0\" target=\"_blank\" rel=\"noopener noreferrer\">descargarse aqu\u00ed.<\/a><\/p>\n","protected":false},"excerpt":{"rendered":"<p>En esta secci&oacute;n nuestro objetivo es difundir la experiencia de nuestras egresadas y egresados, tanto durante su paso por la escuela como despu&eacute;s de egresar e insertarse en el medio profesional. En la secci&oacute;n &ldquo;Cortos Curriculares&rdquo; pod&eacute;s ver una selecci&oacute;n de ejercicios de realizaci&oacute;n y tesis de egreso de varias generaciones de la ECU, con&#8230; <\/p>\n<div class=\"clear\"><\/div>\n<p><a href=\"https:\/\/ecu.edu.uy\/sitioweb\/experiencia\/\" class=\"gdlr-button with-border excerpt-read-more\">Leer mas<\/a><\/p>\n","protected":false},"author":3,"featured_media":0,"parent":0,"menu_order":0,"comment_status":"closed","ping_status":"closed","template":"","meta":[],"_links":{"self":[{"href":"https:\/\/ecu.edu.uy\/sitioweb\/wp-json\/wp\/v2\/pages\/3563"}],"collection":[{"href":"https:\/\/ecu.edu.uy\/sitioweb\/wp-json\/wp\/v2\/pages"}],"about":[{"href":"https:\/\/ecu.edu.uy\/sitioweb\/wp-json\/wp\/v2\/types\/page"}],"author":[{"embeddable":true,"href":"https:\/\/ecu.edu.uy\/sitioweb\/wp-json\/wp\/v2\/users\/3"}],"replies":[{"embeddable":true,"href":"https:\/\/ecu.edu.uy\/sitioweb\/wp-json\/wp\/v2\/comments?post=3563"}],"version-history":[{"count":15,"href":"https:\/\/ecu.edu.uy\/sitioweb\/wp-json\/wp\/v2\/pages\/3563\/revisions"}],"predecessor-version":[{"id":9662,"href":"https:\/\/ecu.edu.uy\/sitioweb\/wp-json\/wp\/v2\/pages\/3563\/revisions\/9662"}],"wp:attachment":[{"href":"https:\/\/ecu.edu.uy\/sitioweb\/wp-json\/wp\/v2\/media?parent=3563"}],"curies":[{"name":"wp","href":"https:\/\/api.w.org\/{rel}","templated":true}]}}