{"id":3570,"date":"2015-02-09T11:46:31","date_gmt":"2015-02-09T13:46:31","guid":{"rendered":"http:\/\/musaspublishers.com\/ecu\/?page_id=3570"},"modified":"2023-09-18T20:00:26","modified_gmt":"2023-09-18T23:00:26","slug":"formacion","status":"publish","type":"page","link":"https:\/\/ecu.edu.uy\/sitioweb\/formacion\/","title":{"rendered":"Formaci\u00f3n"},"content":{"rendered":"<p>La principal propuesta formativa de la <strong>Escuela de Cine del Uruguay<\/strong> es la <strong><a href=\"http:\/\/ecu.edu.uy\/carrera-de-realizacion-cinematografica\/\">Carrera de Realizaci\u00f3n Cinematogr\u00e1fica<\/a><\/strong>, que tiene una duraci\u00f3n de ocho semestres (cuatro a\u00f1os). Como alternativa, es posible cursar <a href=\"http:\/\/ecu.edu.uy\/sitioweb\/diplomados\/\"><strong>Diplomados<\/strong><\/a> de m\u00e1s corta duraci\u00f3n y menor carga horaria en \u00e1reas espec\u00edficas, adem\u00e1s del <a href=\"https:\/\/ecu.edu.uy\/sitioweb\/diplomado_actuacion\/\"><strong>Diplomado en Actuaci\u00f3n para Cine y TV <\/strong><\/a>y el <a href=\"https:\/\/ecu.edu.uy\/sitioweb\/documental\/\"><strong>Diplomado en Realizaci\u00f3n Documental<\/strong><\/a>, ambos de un a\u00f1o de duraci\u00f3n.<\/p>\n<p>A su vez, durante el a\u00f1o realizamos <strong><a href=\"http:\/\/ecu.edu.uy\/cursos-y-talleres-extracurriculares\/\">cursos y talleres extracurriculares<\/a><\/strong> sobre diversos aspectos de la pr\u00e1ctica o la teor\u00eda cinematogr\u00e1fica, de distinta duraci\u00f3n y diferentes niveles de profundizaci\u00f3n. El cronograma se renueva cada a\u00f1o y publicamos la informaci\u00f3n en esta p\u00e1gina.<\/p>\n<p>En 2021 inauguramos nuestra nueva propuesta de <a href=\"https:\/\/ecu.edu.uy\/sitioweb\/adolescentes\/\"><strong>creaci\u00f3n y cine para adolescentes:<\/strong> <strong>La Aventura<\/strong><\/a>, ampliando nuestra formaci\u00f3n a un p\u00fablico m\u00e1s amplio y m\u00e1s diverso.<\/p>\n","protected":false},"excerpt":{"rendered":"<p>La principal propuesta formativa de la Escuela de Cine del Uruguay es la Carrera de Realizaci&oacute;n Cinematogr&aacute;fica, que tiene una duraci&oacute;n de ocho semestres (cuatro a&ntilde;os). Como alternativa, es posible cursar Diplomados de m&aacute;s corta duraci&oacute;n y menor carga horaria en &aacute;reas espec&iacute;ficas, adem&aacute;s del Diplomado en Actuaci&oacute;n para Cine y TV y el Diplomado&#8230; <\/p>\n<div class=\"clear\"><\/div>\n<p><a href=\"https:\/\/ecu.edu.uy\/sitioweb\/formacion\/\" class=\"gdlr-button with-border excerpt-read-more\">Leer mas<\/a><\/p>\n","protected":false},"author":3,"featured_media":0,"parent":0,"menu_order":0,"comment_status":"closed","ping_status":"closed","template":"","meta":[],"_links":{"self":[{"href":"https:\/\/ecu.edu.uy\/sitioweb\/wp-json\/wp\/v2\/pages\/3570"}],"collection":[{"href":"https:\/\/ecu.edu.uy\/sitioweb\/wp-json\/wp\/v2\/pages"}],"about":[{"href":"https:\/\/ecu.edu.uy\/sitioweb\/wp-json\/wp\/v2\/types\/page"}],"author":[{"embeddable":true,"href":"https:\/\/ecu.edu.uy\/sitioweb\/wp-json\/wp\/v2\/users\/3"}],"replies":[{"embeddable":true,"href":"https:\/\/ecu.edu.uy\/sitioweb\/wp-json\/wp\/v2\/comments?post=3570"}],"version-history":[{"count":12,"href":"https:\/\/ecu.edu.uy\/sitioweb\/wp-json\/wp\/v2\/pages\/3570\/revisions"}],"predecessor-version":[{"id":9014,"href":"https:\/\/ecu.edu.uy\/sitioweb\/wp-json\/wp\/v2\/pages\/3570\/revisions\/9014"}],"wp:attachment":[{"href":"https:\/\/ecu.edu.uy\/sitioweb\/wp-json\/wp\/v2\/media?parent=3570"}],"curies":[{"name":"wp","href":"https:\/\/api.w.org\/{rel}","templated":true}]}}