{"id":3573,"date":"2015-02-09T11:48:31","date_gmt":"2015-02-09T13:48:31","guid":{"rendered":"http:\/\/musaspublishers.com\/ecu\/?page_id=3573"},"modified":"2024-11-07T18:48:25","modified_gmt":"2024-11-07T21:48:25","slug":"carrera-de-realizacion-cinematografica","status":"publish","type":"page","link":"https:\/\/ecu.edu.uy\/sitioweb\/carrera-de-realizacion-cinematografica\/","title":{"rendered":"Carrera de Realizaci\u00f3n Cinematogr\u00e1fica"},"content":{"rendered":"<p><img loading=\"lazy\" class=\"alignnone size-full wp-image-9435\" src=\"https:\/\/ecu.edu.uy\/wp-content\/uploads\/2024\/11\/EncabezadoCarrera.jpg\" alt=\"\" width=\"1121\" height=\"181\" srcset=\"https:\/\/ecu.edu.uy\/wp-content\/uploads\/2024\/11\/EncabezadoCarrera.jpg 1121w, https:\/\/ecu.edu.uy\/wp-content\/uploads\/2024\/11\/EncabezadoCarrera-300x48.jpg 300w, https:\/\/ecu.edu.uy\/wp-content\/uploads\/2024\/11\/EncabezadoCarrera-1024x165.jpg 1024w, https:\/\/ecu.edu.uy\/wp-content\/uploads\/2024\/11\/EncabezadoCarrera-768x124.jpg 768w\" sizes=\"(max-width: 1121px) 100vw, 1121px\" \/><\/p>\n<p>La principal propuesta acad\u00e9mica que ofrece la ECU es la <strong>Carrera de Realizaci\u00f3n Cinematogr\u00e1fica<\/strong>, que tiene una duraci\u00f3n total de <strong>cuatro a\u00f1os (ocho semestres)<\/strong> con clases de cuatro horas diarias de lunes a viernes, entre las 18 y las 22 horas. Los s\u00e1bados, de manera excepcional, pueden plantearse talleres seminarios, charlas o clases extraordinarias. Tambi\u00e9n es posible cursar, como alternativa a la carrera, <a href=\"http:\/\/ecu.edu.uy\/sitioweb\/diplomados\/\" target=\"_blank\" rel=\"noopener noreferrer\"><strong>diplomados en \u00e1reas espec\u00edficas<\/strong><\/a>, con menor carga horaria y m\u00e1s corta duraci\u00f3n.<\/p>\n<p><strong>El <\/strong><a href=\"http:\/\/ecu.edu.uy\/plan-de-estudios\/\"><strong>Plan de Estudios<\/strong><\/a> ha sido dise\u00f1ado desde un punto de vista <strong>te\u00f3rico\/pr\u00e1ctico<\/strong>, donde cada estudiante aprende en el hacer, en un marco de <strong>apoyo docente<\/strong> y de <strong>creaci\u00f3n colectiva<\/strong>. Cada generaci\u00f3n de alumnos produce <strong>varios cortometrajes a lo largo de la carrera<\/strong>, tanto de <strong>ficci\u00f3n<\/strong> como <strong>documental<\/strong>, rotando roles en cada proyecto de manera de asegurar una<strong> experiencia pr\u00e1ctica integral y grupal<\/strong>.<\/p>\n<p>El <a href=\"http:\/\/ecu.edu.uy\/egresades\/\"><strong>perfil de quien egresa de la ECU<\/strong><\/a> es el de alguien capaz de realizar proyectos audiovisuales de cualquier tipo (pel\u00edculas de ficci\u00f3n o documental, series, cortos publicitarios, video clips, contenidos digitales y para TV), ya sea en direcci\u00f3n como en cualquiera de las dem\u00e1s \u00e1reas: gui\u00f3n, fotograf\u00eda, c\u00e1mara, edici\u00f3n y montaje, sonido, direcci\u00f3n de arte, continuidad, producci\u00f3n, asistencia de direcci\u00f3n o de producci\u00f3n. Siempre con una visi\u00f3n integral y global, tanto desde el punto de vista t\u00e9cnico como creativo.<\/p>\n<p>Son muchos los <a href=\"https:\/\/ecu.edu.uy\/sitioweb\/cortos-curriculares\/\"><strong>cortometrajes de estudiantes<\/strong><\/a> y egresados de la ECU que han sido premiados en festivales de Uruguay y del exterior, al igual que sus proyectos profesionales, sean cortos, largometrajes o series, que se destacan tanto en festivales como en las convocatorias a fondos y apoyos concursables.<\/p>\n<p><strong><a href=\"https:\/\/ecu.edu.uy\/wp-content\/uploads\/2024\/11\/Carrera-Realizacion-ECU-2025.pdf\" target=\"_blank\" rel=\"noopener\">Descargar Dossier informativo (pdf)<\/a><\/strong><\/p>\n<p><strong>Por m\u00e1s informaci\u00f3n, agendar una entrevista informativa o inscripciones:<\/strong><\/p>\n<p><strong>info@ecu.edu.uy \/ 2916 9760 \/ WhatsApp 092 893827 (lunes a viernes de 14 a 21 horas).<\/strong><\/p>\n","protected":false},"excerpt":{"rendered":"<p>La principal propuesta acad&eacute;mica que ofrece la ECU es la Carrera de Realizaci&oacute;n Cinematogr&aacute;fica, que tiene una duraci&oacute;n total de cuatro a&ntilde;os (ocho semestres) con clases de cuatro horas diarias de lunes a viernes, entre las 18 y las 22 horas. Los s&aacute;bados, de manera excepcional, pueden plantearse talleres seminarios, charlas o clases extraordinarias. Tambi&eacute;n&#8230; <\/p>\n<div class=\"clear\"><\/div>\n<p><a href=\"https:\/\/ecu.edu.uy\/sitioweb\/carrera-de-realizacion-cinematografica\/\" class=\"gdlr-button with-border excerpt-read-more\">Leer mas<\/a><\/p>\n","protected":false},"author":3,"featured_media":0,"parent":0,"menu_order":0,"comment_status":"closed","ping_status":"closed","template":"","meta":[],"_links":{"self":[{"href":"https:\/\/ecu.edu.uy\/sitioweb\/wp-json\/wp\/v2\/pages\/3573"}],"collection":[{"href":"https:\/\/ecu.edu.uy\/sitioweb\/wp-json\/wp\/v2\/pages"}],"about":[{"href":"https:\/\/ecu.edu.uy\/sitioweb\/wp-json\/wp\/v2\/types\/page"}],"author":[{"embeddable":true,"href":"https:\/\/ecu.edu.uy\/sitioweb\/wp-json\/wp\/v2\/users\/3"}],"replies":[{"embeddable":true,"href":"https:\/\/ecu.edu.uy\/sitioweb\/wp-json\/wp\/v2\/comments?post=3573"}],"version-history":[{"count":18,"href":"https:\/\/ecu.edu.uy\/sitioweb\/wp-json\/wp\/v2\/pages\/3573\/revisions"}],"predecessor-version":[{"id":9436,"href":"https:\/\/ecu.edu.uy\/sitioweb\/wp-json\/wp\/v2\/pages\/3573\/revisions\/9436"}],"wp:attachment":[{"href":"https:\/\/ecu.edu.uy\/sitioweb\/wp-json\/wp\/v2\/media?parent=3573"}],"curies":[{"name":"wp","href":"https:\/\/api.w.org\/{rel}","templated":true}]}}