{"id":3581,"date":"2015-02-09T11:50:50","date_gmt":"2015-02-09T13:50:50","guid":{"rendered":"http:\/\/musaspublishers.com\/ecu\/?page_id=3581"},"modified":"2025-11-05T20:35:45","modified_gmt":"2025-11-05T23:35:45","slug":"convenios-academicos","status":"publish","type":"page","link":"https:\/\/ecu.edu.uy\/sitioweb\/convenios-academicos\/","title":{"rendered":"Convenios Acad\u00e9micos"},"content":{"rendered":"<p><strong>ESCAC &#8211; Espa\u00f1a<\/strong><\/p>\n<p><img loading=\"lazy\" class=\" wp-image-9667 alignleft\" src=\"https:\/\/ecu.edu.uy\/wp-content\/uploads\/2025\/11\/Logo.png\" alt=\"\" width=\"192\" height=\"192\" srcset=\"https:\/\/ecu.edu.uy\/wp-content\/uploads\/2025\/11\/Logo.png 512w, https:\/\/ecu.edu.uy\/wp-content\/uploads\/2025\/11\/Logo-300x300.png 300w, https:\/\/ecu.edu.uy\/wp-content\/uploads\/2025\/11\/Logo-150x150.png 150w, https:\/\/ecu.edu.uy\/wp-content\/uploads\/2025\/11\/Logo-400x400.png 400w\" sizes=\"(max-width: 192px) 100vw, 192px\" \/>En octubre de 2025, la ECU firm\u00f3 un convenio de colaboraci\u00f3n con la Fundaci\u00f3 Escola Superior de Cinema i Audiovisuals de Catalunya (<a href=\"https:\/\/escac.com\/\" target=\"_blank\" rel=\"noopener\">ESCAC<\/a>), una de las escuelas de cine m\u00e1s prestigiosas de Europa.\u00a0Este convenio tiene por objetivos:<\/p>\n<p>&#8211; Promover relaciones de car\u00e1cter acad\u00e9mico, pedag\u00f3gico y art\u00edstico entre ECU y ESCAC.<\/p>\n<p>&#8211; Fomentar el intercambio rec\u00edproco de informaci\u00f3n sobre temas de inter\u00e9s para ambas instituciones.<\/p>\n<p>&#8211; Fomentar el debate e intercambio de experiencias sobre todos aquellos temas que puedan beneficiar a ambas instituciones, especialmente sobre la investigaci\u00f3n, interpretaci\u00f3n y difusi\u00f3n del patrimonio audiovisual.<\/p>\n<p>&#8211; Otros posibles aspectos, proyectos o iniciativas que se consideren de inter\u00e9s para ambas instituciones.<\/p>\n<hr \/>\n<p><strong>Castello Errante &#8211; Italia<\/strong><\/p>\n<p><img loading=\"lazy\" class=\"wp-image-7162 alignleft\" src=\"http:\/\/ecu.edu.uy\/wp-content\/uploads\/2019\/10\/Logo-Castello-Errante.png\" alt=\"\" width=\"205\" height=\"205\" srcset=\"https:\/\/ecu.edu.uy\/wp-content\/uploads\/2019\/10\/Logo-Castello-Errante.png 899w, https:\/\/ecu.edu.uy\/wp-content\/uploads\/2019\/10\/Logo-Castello-Errante-150x150.png 150w, https:\/\/ecu.edu.uy\/wp-content\/uploads\/2019\/10\/Logo-Castello-Errante-300x300.png 300w, https:\/\/ecu.edu.uy\/wp-content\/uploads\/2019\/10\/Logo-Castello-Errante-768x768.png 768w, https:\/\/ecu.edu.uy\/wp-content\/uploads\/2019\/10\/Logo-Castello-Errante-400x400.png 400w\" sizes=\"(max-width: 205px) 100vw, 205px\" \/>En 2019 la ECU se sum\u00f3 a <a href=\"http:\/\/www.castelloerrante-ric.it\/\" target=\"_blank\" rel=\"noopener noreferrer\"><strong>Castello Errante<\/strong><\/a>, una residencia para j\u00f3venes cineastas que tiene lugar durante un mes en Italia. Castello Errante es una iniciativa ideada por Adele Dell\u2019Erario y organizada por <strong>Occhi<\/strong> <strong>di Giove srl<\/strong> con el apoyo del <em>Ministero per i Beni e le Attivit\u00e0 Culturali (MIBAC), <\/em>de la <em>Regione Lazio <\/em>y de la <em>Roma Lazio Film Commission.<\/em> Se trata de un proyecto en colaboraci\u00f3n con escuelas de cine de Am\u00e9rica Latina bajo la bandera de la b\u00fasqueda y del intercambio internacional, de la formaci\u00f3n y de la producci\u00f3n en el campo audiovisual, adem\u00e1s del descubrimiento, revalorizaci\u00f3n y promoci\u00f3n del territorio italiano. Tambi\u00e9n cuenta con la colaboraci\u00f3n de la Organizzazione Internazionale Italo-Latino American-IILA, de las Embajadas de Argentina, Chile, Costa Rica, Cuba, Guatemala, Nicaragua, Per\u00fa y Uruguay \u2013 a las cuales se suman M\u00e9xico y Rep\u00fablica Dominicana \u2013 del Centro Sperimentale di Cinematografia-Scuola Nazionale di Cinema de Roma y de la Accademia di Cinema e Televisione Griffith.<\/p>\n<p>Cada a\u00f1o, un estudiante avanzado o egresado reciente de la ECU puede participar de la residencia, y participar de los proyectos audiovisuales en diferentes roles que van rotando cada a\u00f1o entre las diferentes escuelas participantes.<\/p>\n<hr \/>\n<p><strong>CinemadaMare &#8211; Italia<\/strong><\/p>\n<p><img loading=\"lazy\" class=\"wp-image-6164 alignleft\" src=\"http:\/\/ecu.edu.uy\/wp-content\/uploads\/2015\/02\/logonew-cdm18.jpg\" alt=\"\" width=\"481\" height=\"167\" srcset=\"https:\/\/ecu.edu.uy\/wp-content\/uploads\/2015\/02\/logonew-cdm18.jpg 1200w, https:\/\/ecu.edu.uy\/wp-content\/uploads\/2015\/02\/logonew-cdm18-300x104.jpg 300w, https:\/\/ecu.edu.uy\/wp-content\/uploads\/2015\/02\/logonew-cdm18-768x267.jpg 768w, https:\/\/ecu.edu.uy\/wp-content\/uploads\/2015\/02\/logonew-cdm18-1024x356.jpg 1024w\" sizes=\"(max-width: 481px) 100vw, 481px\" \/><\/p>\n<p>En 2016, la Escuela de Cine del Uruguay (ECU) firm\u00f3 el convenio de adhesi\u00f3n a <a href=\"https:\/\/www.cinemadamare.com\/\" target=\"_blank\" rel=\"noopener noreferrer\"><strong>CinemadaMare<\/strong><\/a>, un festival y campus itinerante que se desarrolla todos los veranos en Italia, y en el que participan cada a\u00f1o m\u00e1s de 100 j\u00f3venes cineastas de todo el mundo. La ECU es la primera escuela de cine de Am\u00e9rica Latina en adherir a este evento. Entre las escuelas y universidades que forman parte de CinemadaMare se encuentran algunos de los centros de formaci\u00f3n audiovisual m\u00e1s prestigiosos del mundo, como el Centro Sperimentale di Cinematografia (Italia), la Escuela de Cine de Praga, la Universidad de Arte, Cine y Televisi\u00f3n de Jakarta (Indonesia), el Santa Monica College de California (Estados Unidos), la Academia de Artes Perform\u00e1ticas de Bratislava (Eslovaquia) y Luca School of Arts (B\u00e9lgica).<\/p>\n<p>Durante el festival, que se realiza entre fines de junio y comienzos de setiembre, los j\u00f3venes participantes ruedan cortometrajes todas las semanas, cambiando de locaciones a lo largo de toda Italia. Adem\u00e1s se realizan talleres y clases magistrales con prestigiosos cineastas de todo el mundo, y exhibiciones de cine al aire libre.<\/p>\n<p>Una vez abierta la convocatoria, a comienzos de a\u00f1o, la ECU selecciona entre sus estudiantes interesados (que ya hayan finalizado la carrera) a aquellos que hayan mantenido el mejor nivel acad\u00e9mico para que la representen en CinemadaMare. El alojamiento, los traslados dentro de Italia y la participaci\u00f3n en todas las actividades es gratuita, debiendo costearse \u00fanicamente el viaje ida y vuelta a Roma y las comidas.<\/p>\n","protected":false},"excerpt":{"rendered":"<p>ESCAC &ndash; Espa&ntilde;a En octubre de 2025, la ECU firm&oacute; un convenio de colaboraci&oacute;n con la Fundaci&oacute; Escola Superior de Cinema i Audiovisuals de Catalunya (ESCAC), una de las escuelas de cine m&aacute;s prestigiosas de Europa.&nbsp;Este convenio tiene por objetivos: &ndash; Promover relaciones de car&aacute;cter acad&eacute;mico, pedag&oacute;gico y art&iacute;stico entre ECU y ESCAC. &ndash; Fomentar&#8230; <\/p>\n<div class=\"clear\"><\/div>\n<p><a href=\"https:\/\/ecu.edu.uy\/sitioweb\/convenios-academicos\/\" class=\"gdlr-button with-border excerpt-read-more\">Leer mas<\/a><\/p>\n","protected":false},"author":3,"featured_media":0,"parent":0,"menu_order":0,"comment_status":"closed","ping_status":"closed","template":"","meta":[],"_links":{"self":[{"href":"https:\/\/ecu.edu.uy\/sitioweb\/wp-json\/wp\/v2\/pages\/3581"}],"collection":[{"href":"https:\/\/ecu.edu.uy\/sitioweb\/wp-json\/wp\/v2\/pages"}],"about":[{"href":"https:\/\/ecu.edu.uy\/sitioweb\/wp-json\/wp\/v2\/types\/page"}],"author":[{"embeddable":true,"href":"https:\/\/ecu.edu.uy\/sitioweb\/wp-json\/wp\/v2\/users\/3"}],"replies":[{"embeddable":true,"href":"https:\/\/ecu.edu.uy\/sitioweb\/wp-json\/wp\/v2\/comments?post=3581"}],"version-history":[{"count":13,"href":"https:\/\/ecu.edu.uy\/sitioweb\/wp-json\/wp\/v2\/pages\/3581\/revisions"}],"predecessor-version":[{"id":9668,"href":"https:\/\/ecu.edu.uy\/sitioweb\/wp-json\/wp\/v2\/pages\/3581\/revisions\/9668"}],"wp:attachment":[{"href":"https:\/\/ecu.edu.uy\/sitioweb\/wp-json\/wp\/v2\/media?parent=3581"}],"curies":[{"name":"wp","href":"https:\/\/api.w.org\/{rel}","templated":true}]}}