{"id":3583,"date":"2015-02-09T11:51:22","date_gmt":"2015-02-09T13:51:22","guid":{"rendered":"http:\/\/musaspublishers.com\/ecu\/?page_id=3583"},"modified":"2020-11-09T21:37:16","modified_gmt":"2020-11-10T00:37:16","slug":"porque-estudiar-en-la-ecu","status":"publish","type":"page","link":"https:\/\/ecu.edu.uy\/sitioweb\/porque-estudiar-en-la-ecu\/","title":{"rendered":"Por qu\u00e9 Estudiar en la ECU"},"content":{"rendered":"<p><strong>&#8211;\u00a0\u00a0 \u00a0Porque fue fundada en 1995, y es la primera instituci\u00f3n en Uruguay dedicada exclusivamente a la formaci\u00f3n profesional en cine y video.<\/strong><\/p>\n<p><strong>&#8211;\u00a0\u00a0 \u00a0Porque forma parte de <a href=\"https:\/\/cinemateca.org.uy\/\" target=\"_blank\" rel=\"noopener noreferrer\">Cinemateca Uruguaya<\/a>, una instituci\u00f3n cultural referente en nuestro pa\u00eds con m\u00e1s de 60 a\u00f1os de historia, dedicada a la difusi\u00f3n, preservaci\u00f3n y ense\u00f1anza del cine de calidad.<\/strong><\/p>\n<p><strong>&#8211;\u00a0\u00a0 \u00a0Porque su <a href=\"https:\/\/ecu.edu.uy\/sitioweb\/plan-de-estudios\/\">Plan de Estudios<\/a> ha sido dise\u00f1ado desde un punto de vista te\u00f3rico\/pr\u00e1ctico, de manera que cada estudiante aprende haciendo y reflexionando sobre cine desde el primer d\u00eda, en un marco de apoyo docente y de creaci\u00f3n colectiva.<\/strong><\/p>\n<p><strong>&#8211;\u00a0\u00a0 \u00a0Porque todo su <a href=\"https:\/\/ecu.edu.uy\/sitioweb\/docentes\/\">cuerpo docente<\/a> est\u00e1 conformado por profesionales del medio audiovisual y\/o acad\u00e9mico con amplia experiencia en cine y televisi\u00f3n, tanto en Uruguay como en el exterior.<\/strong><\/p>\n<p><strong>&#8211;\u00a0\u00a0 \u00a0Porque entre los <a href=\"https:\/\/ecu.edu.uy\/sitioweb\/egresados-2\/\">egresados y egresadas<\/a> de su <a href=\"https:\/\/ecu.edu.uy\/sitioweb\/carrera-de-realizacion-cinematografica\/\">Carrera de Realizaci\u00f3n Cinematogr\u00e1fica<\/a> se encuentran muchos de los protagonistas (entre directores, productores, guionistas, fot\u00f3grafos, editores, sonidistas, continuistas, asistentes de direcci\u00f3n y posproductores) del incre\u00edble desarrollo que han tenido el cine y el audiovisual nacional en los \u00faltimos a\u00f1os.<\/strong><\/p>\n<p><strong>&#8211;\u00a0\u00a0 \u00a0Porque cada proyecto audiovisual nacional o extranjero que se filma en Uruguay cuenta en sus equipos de producci\u00f3n con t\u00e9cnicos y creadores que han pasado por la ECU.<\/strong><\/p>\n<p><strong>&#8211;\u00a0\u00a0 \u00a0Porque en 2020 celebramos nuestros 25 a\u00f1os mud\u00e1ndonos a <a href=\"https:\/\/ecu.edu.uy\/sitioweb\/nuestra-sede\/\">una nueva sede<\/a>, con 1.100 metros cuadrados distribuidos en dos plantas y un entrepiso, en pleno circuito patrimonial y cultural de la Ciudad Vieja.<\/strong><\/p>\n<p><strong>&#8211;\u00a0\u00a0 \u00a0Porque como \u00fanico miembro uruguayo de <a href=\"http:\/\/www.cilect.org\/\" target=\"_blank\" rel=\"noopener noreferrer\">CILECT<\/a> (la Asociaci\u00f3n Internacional de Escuelas de Cine y TV) y de <a href=\"http:\/\/feisal.org\/\" target=\"_blank\" rel=\"noopener noreferrer\">FEISAL<\/a> (Federaci\u00f3n de Escuelas de la Imagen y el Sonido de Am\u00e9rica Latina), la ECU mantiene contacto permanente con las mejores escuelas de cine del mundo, generando v\u00ednculos internacionales y oportunidades de intercambio para sus estudiantes y docentes.<\/strong><\/p>\n<p><strong>&#8211;\u00a0\u00a0 \u00a0Porque la ECU no es solo una escuela de cine, es tambi\u00e9n un sitio de encuentro entre estudiantes, t\u00e9cnicos, actores y egresados de distintos centros de formaci\u00f3n art\u00edstica en el que permanentemente se generan y concretan proyectos.<\/strong><\/p>\n<p><strong>Por todo esto, la ECU es el lugar ideal para quien se proponga dedicarse a la creaci\u00f3n cinematogr\u00e1fica y audiovisual con una mirada cr\u00edtica e integral, tanto t\u00e9cnica como creativa.<br \/>\n<\/strong><\/p>\n","protected":false},"excerpt":{"rendered":"<p>&ndash;&nbsp;&nbsp; &nbsp;Porque fue fundada en 1995, y es la primera instituci&oacute;n en Uruguay dedicada exclusivamente a la formaci&oacute;n profesional en cine y video. &ndash;&nbsp;&nbsp; &nbsp;Porque forma parte de Cinemateca Uruguaya, una instituci&oacute;n cultural referente en nuestro pa&iacute;s con m&aacute;s de 60 a&ntilde;os de historia, dedicada a la difusi&oacute;n, preservaci&oacute;n y ense&ntilde;anza del cine de calidad&#8230;. <\/p>\n<div class=\"clear\"><\/div>\n<p><a href=\"https:\/\/ecu.edu.uy\/sitioweb\/porque-estudiar-en-la-ecu\/\" class=\"gdlr-button with-border excerpt-read-more\">Leer mas<\/a><\/p>\n","protected":false},"author":3,"featured_media":0,"parent":0,"menu_order":0,"comment_status":"closed","ping_status":"closed","template":"","meta":[],"_links":{"self":[{"href":"https:\/\/ecu.edu.uy\/sitioweb\/wp-json\/wp\/v2\/pages\/3583"}],"collection":[{"href":"https:\/\/ecu.edu.uy\/sitioweb\/wp-json\/wp\/v2\/pages"}],"about":[{"href":"https:\/\/ecu.edu.uy\/sitioweb\/wp-json\/wp\/v2\/types\/page"}],"author":[{"embeddable":true,"href":"https:\/\/ecu.edu.uy\/sitioweb\/wp-json\/wp\/v2\/users\/3"}],"replies":[{"embeddable":true,"href":"https:\/\/ecu.edu.uy\/sitioweb\/wp-json\/wp\/v2\/comments?post=3583"}],"version-history":[{"count":12,"href":"https:\/\/ecu.edu.uy\/sitioweb\/wp-json\/wp\/v2\/pages\/3583\/revisions"}],"predecessor-version":[{"id":7707,"href":"https:\/\/ecu.edu.uy\/sitioweb\/wp-json\/wp\/v2\/pages\/3583\/revisions\/7707"}],"wp:attachment":[{"href":"https:\/\/ecu.edu.uy\/sitioweb\/wp-json\/wp\/v2\/media?parent=3583"}],"curies":[{"name":"wp","href":"https:\/\/api.w.org\/{rel}","templated":true}]}}