{"id":3593,"date":"2015-02-09T11:54:08","date_gmt":"2015-02-09T13:54:08","guid":{"rendered":"http:\/\/musaspublishers.com\/ecu\/?page_id=3593"},"modified":"2020-08-04T18:39:41","modified_gmt":"2020-08-04T21:39:41","slug":"acerca-de-la-ecu","status":"publish","type":"page","link":"https:\/\/ecu.edu.uy\/sitioweb\/acerca-de-la-ecu\/","title":{"rendered":"Acerca de la ECU"},"content":{"rendered":"<p><a href=\"http:\/\/ecu.edu.uy\/wp-content\/uploads\/2015\/05\/logoecufondoblanco130.jpg\"><img loading=\"lazy\" class=\"alignnone  wp-image-7603\" src=\"https:\/\/ecu.edu.uy\/wp-content\/uploads\/2020\/08\/OLogoECUChico.jpg\" alt=\"\" width=\"285\" height=\"121\" srcset=\"https:\/\/ecu.edu.uy\/wp-content\/uploads\/2020\/08\/OLogoECUChico.jpg 1181w, https:\/\/ecu.edu.uy\/wp-content\/uploads\/2020\/08\/OLogoECUChico-300x127.jpg 300w, https:\/\/ecu.edu.uy\/wp-content\/uploads\/2020\/08\/OLogoECUChico-1024x434.jpg 1024w, https:\/\/ecu.edu.uy\/wp-content\/uploads\/2020\/08\/OLogoECUChico-768x326.jpg 768w\" sizes=\"(max-width: 285px) 100vw, 285px\" \/>\u00a0<img loading=\"lazy\" class=\"wp-image-6693 alignright\" src=\"http:\/\/ecu.edu.uy\/wp-content\/uploads\/2018\/12\/Logo-Cinemateca-apaisado.jpg\" alt=\"\" width=\"369\" height=\"94\" srcset=\"https:\/\/ecu.edu.uy\/wp-content\/uploads\/2018\/12\/Logo-Cinemateca-apaisado.jpg 4290w, https:\/\/ecu.edu.uy\/wp-content\/uploads\/2018\/12\/Logo-Cinemateca-apaisado-300x76.jpg 300w, https:\/\/ecu.edu.uy\/wp-content\/uploads\/2018\/12\/Logo-Cinemateca-apaisado-768x196.jpg 768w, https:\/\/ecu.edu.uy\/wp-content\/uploads\/2018\/12\/Logo-Cinemateca-apaisado-1024x261.jpg 1024w\" sizes=\"(max-width: 369px) 100vw, 369px\" \/><\/a><\/p>\r\n<p>La <strong>Escuela de Cine del Uruguay (ECU)<\/strong> es un departamento de la <a href=\"http:\/\/www.cinemateca.org.uy\" target=\"_blank\" rel=\"noopener noreferrer\"><strong>Cinemateca Uruguaya<\/strong><\/a>, instituci\u00f3n referente de la cultura cinematogr\u00e1fica en el pa\u00eds.\u00a0Fue creada en 1995, siendo la primera instituci\u00f3n en Uruguay dedicada exclusivamente a la formaci\u00f3n profesional en cine y video.<\/p>\r\n<p>En la ECU se vive cine y se respira cine. Cada generaci\u00f3n de alumnos produce <strong>varios cortometrajes a lo largo de la carrera<\/strong>, tanto de <strong>ficci\u00f3n<\/strong> como <strong>documental<\/strong>, rotando roles en cada proyecto de manera de asegurar <strong>una experiencia pr\u00e1ctica integral y grupal<\/strong>.<\/p>\r\n<p>Por todo esto, la ECU es el lugar natural para quien se proponga convertir el cine en su forma de vida.<\/p>\r\n\r\n<p>&nbsp;<\/p>\r\n","protected":false},"excerpt":{"rendered":"<p>&nbsp; La Escuela de Cine del Uruguay (ECU) es un departamento de la Cinemateca Uruguaya, instituci&oacute;n referente de la cultura cinematogr&aacute;fica en el pa&iacute;s.&nbsp;Fue creada en 1995, siendo la primera instituci&oacute;n en Uruguay dedicada exclusivamente a la formaci&oacute;n profesional en cine y video. En la ECU se vive cine y se respira cine. Cada generaci&oacute;n&#8230; <\/p>\n<div class=\"clear\"><\/div>\n<p><a href=\"https:\/\/ecu.edu.uy\/sitioweb\/acerca-de-la-ecu\/\" class=\"gdlr-button with-border excerpt-read-more\">Leer mas<\/a><\/p>\n","protected":false},"author":3,"featured_media":0,"parent":0,"menu_order":0,"comment_status":"closed","ping_status":"closed","template":"","meta":[],"_links":{"self":[{"href":"https:\/\/ecu.edu.uy\/sitioweb\/wp-json\/wp\/v2\/pages\/3593"}],"collection":[{"href":"https:\/\/ecu.edu.uy\/sitioweb\/wp-json\/wp\/v2\/pages"}],"about":[{"href":"https:\/\/ecu.edu.uy\/sitioweb\/wp-json\/wp\/v2\/types\/page"}],"author":[{"embeddable":true,"href":"https:\/\/ecu.edu.uy\/sitioweb\/wp-json\/wp\/v2\/users\/3"}],"replies":[{"embeddable":true,"href":"https:\/\/ecu.edu.uy\/sitioweb\/wp-json\/wp\/v2\/comments?post=3593"}],"version-history":[{"count":13,"href":"https:\/\/ecu.edu.uy\/sitioweb\/wp-json\/wp\/v2\/pages\/3593\/revisions"}],"predecessor-version":[{"id":7605,"href":"https:\/\/ecu.edu.uy\/sitioweb\/wp-json\/wp\/v2\/pages\/3593\/revisions\/7605"}],"wp:attachment":[{"href":"https:\/\/ecu.edu.uy\/sitioweb\/wp-json\/wp\/v2\/media?parent=3593"}],"curies":[{"name":"wp","href":"https:\/\/api.w.org\/{rel}","templated":true}]}}