{"id":3669,"date":"2015-02-12T22:00:45","date_gmt":"2015-02-13T00:00:45","guid":{"rendered":"http:\/\/musaspublishers.com\/ecu\/?page_id=3669"},"modified":"2020-11-03T22:04:31","modified_gmt":"2020-11-04T01:04:31","slug":"vinculos-internacionales","status":"publish","type":"page","link":"https:\/\/ecu.edu.uy\/sitioweb\/vinculos-internacionales\/","title":{"rendered":"V\u00ednculos Internacionales"},"content":{"rendered":"<p>La <strong>ECU<\/strong> es la \u00fanica instituci\u00f3n de Uruguay miembro pleno de <strong><a href=\"http:\/\/www.cilect.org\" target=\"_blank\" rel=\"noopener noreferrer\">CILECT<\/a> (Centre International de Liaison des \u00c9coles de Cin\u00e9ma et de T\u00e9l\u00e9vision)<\/strong>, organizaci\u00f3n con reconocimiento de la UNESCO que agrupa a las principales escuelas de cine y televisi\u00f3n del mundo. En la regi\u00f3n forma parte de <strong>CIBA (CILECT Ibero Am\u00e9rica)<\/strong>, participando de sus encuentros, conferencias y seminarios en los cuales se intercambian experiencias e informaci\u00f3n sobre la educaci\u00f3n cinematogr\u00e1fica.<\/p>\n<p>Tambi\u00e9n es miembro de la <strong>Federaci\u00f3n de Escuelas de la Imagen y el Sonido de Am\u00e9rica Latina (<a href=\"http:\/\/feisal.org\/\" target=\"_blank\" rel=\"noopener noreferrer\">FEISAL<\/a>)<\/strong>. Y mantiene contacto permanente con los centros de formaci\u00f3n de los diferentes pa\u00edses miembros, generando oportunidades de intercambio acad\u00e9mico para sus estudiantes y docentes.<\/p>\n<p>En base a estos v\u00ednculos es que la ECU organiza, todos los a\u00f1os, el <strong><a href=\"http:\/\/ecu.edu.uy\/festival\/\">Festival Internacional de Escuelas de Cine<\/a><\/strong>, un \u00e1mbito de intercambio art\u00edstico y acad\u00e9mico que permite conocer y exhibir una selecci\u00f3n de la producci\u00f3n de las escuelas de cine del mundo. Incluyendo, claro, la de Uruguay.<\/p>\n<p><a href=\"http:\/\/ecu.edu.uy\/wp-content\/uploads\/2015\/02\/90pxHCilect-SHORT-LOGO-2.jpg\"><img loading=\"lazy\" class=\"alignnone size-full wp-image-3676\" src=\"http:\/\/ecu.edu.uy\/wp-content\/uploads\/2015\/02\/90pxHCilect-SHORT-LOGO-2.jpg\" alt=\"Logo Cilect\" width=\"146\" height=\"90\" \/><\/a>\u00a0 \u00a0 \u00a0\u00a0<a href=\"http:\/\/ecu.edu.uy\/wp-content\/uploads\/2015\/02\/90pxHFEISAL-Logo-Solo-Color-2690.jpg\"><img loading=\"lazy\" class=\" size-full wp-image-3675 alignright\" src=\"http:\/\/ecu.edu.uy\/wp-content\/uploads\/2015\/02\/90pxHFEISAL-Logo-Solo-Color-2690.jpg\" alt=\"90pxHFEISAL---Logo-Solo-Color---2690\" width=\"85\" height=\"90\" \/><\/a><\/p>\n","protected":false},"excerpt":{"rendered":"<p>La ECU es la &uacute;nica instituci&oacute;n de Uruguay miembro pleno de CILECT (Centre International de Liaison des &Eacute;coles de Cin&eacute;ma et de T&eacute;l&eacute;vision), organizaci&oacute;n con reconocimiento de la UNESCO que agrupa a las principales escuelas de cine y televisi&oacute;n del mundo. En la regi&oacute;n forma parte de CIBA (CILECT Ibero Am&eacute;rica), participando de sus encuentros,&#8230; <\/p>\n<div class=\"clear\"><\/div>\n<p><a href=\"https:\/\/ecu.edu.uy\/sitioweb\/vinculos-internacionales\/\" class=\"gdlr-button with-border excerpt-read-more\">Leer mas<\/a><\/p>\n","protected":false},"author":3,"featured_media":3282,"parent":0,"menu_order":0,"comment_status":"closed","ping_status":"closed","template":"","meta":[],"_links":{"self":[{"href":"https:\/\/ecu.edu.uy\/sitioweb\/wp-json\/wp\/v2\/pages\/3669"}],"collection":[{"href":"https:\/\/ecu.edu.uy\/sitioweb\/wp-json\/wp\/v2\/pages"}],"about":[{"href":"https:\/\/ecu.edu.uy\/sitioweb\/wp-json\/wp\/v2\/types\/page"}],"author":[{"embeddable":true,"href":"https:\/\/ecu.edu.uy\/sitioweb\/wp-json\/wp\/v2\/users\/3"}],"replies":[{"embeddable":true,"href":"https:\/\/ecu.edu.uy\/sitioweb\/wp-json\/wp\/v2\/comments?post=3669"}],"version-history":[{"count":13,"href":"https:\/\/ecu.edu.uy\/sitioweb\/wp-json\/wp\/v2\/pages\/3669\/revisions"}],"predecessor-version":[{"id":7699,"href":"https:\/\/ecu.edu.uy\/sitioweb\/wp-json\/wp\/v2\/pages\/3669\/revisions\/7699"}],"wp:featuredmedia":[{"embeddable":true,"href":"https:\/\/ecu.edu.uy\/sitioweb\/wp-json\/wp\/v2\/media\/3282"}],"wp:attachment":[{"href":"https:\/\/ecu.edu.uy\/sitioweb\/wp-json\/wp\/v2\/media?parent=3669"}],"curies":[{"name":"wp","href":"https:\/\/api.w.org\/{rel}","templated":true}]}}