{"id":3695,"date":"2015-02-12T23:32:01","date_gmt":"2015-02-13T01:32:01","guid":{"rendered":"http:\/\/musaspublishers.com\/ecu\/?page_id=3695"},"modified":"2023-02-13T19:24:19","modified_gmt":"2023-02-13T22:24:19","slug":"descuentos-y-beneficios","status":"publish","type":"page","link":"https:\/\/ecu.edu.uy\/sitioweb\/descuentos-y-beneficios\/","title":{"rendered":"Descuentos y Beneficios"},"content":{"rendered":"<p>La <strong>ECU<\/strong> ofrece un <strong>20% de descuento<\/strong> en sus cursos y talleres extracurriculares a socios de <strong>Cinemateca Uruguaya<\/strong>, socios de <strong>ASOPROD<\/strong>, <strong>GREMIOCINE<\/strong>, <strong>Comunidad La Diaria<\/strong>, y <strong>estudiantes<\/strong> de instituciones tanto p\u00fablicas como privadas (presentando certificado o comprobante).<\/p>\n<p>Los <strong>socios o hijos de socios de Cinemateca Uruguaya<\/strong>, as\u00ed como\u00a0socios de <strong>Comunidad La Diaria<\/strong>, tienen un <strong>50% de descuento <\/strong>en la matr\u00edcula de inscripci\u00f3n para la <strong>Carrera de Realizaci\u00f3n Cinematogr\u00e1fica<\/strong> (presentando recibo al d\u00eda).<\/p>\n<p>A su vez, todos los estudiantes de la <strong>Carrera de Realizaci\u00f3n Cinematogr\u00e1fica<\/strong> tienen los siguientes beneficios:<\/p>\n<ul>\n<li><strong>acceso a las salas de <a href=\"https:\/\/cinemateca.org.uy\/inicio\" target=\"_blank\" rel=\"noopener noreferrer\">Cinemateca Uruguaya<\/a><\/strong> en calidad de socios<\/li>\n<li><strong>descuentos especiales<\/strong> en algunos espect\u00e1culos del <a href=\"https:\/\/www.teatrosolis.org.uy\/home\" target=\"_blank\" rel=\"noopener noreferrer\"><strong>Teatro Sol\u00eds<\/strong><\/a> (s\u00f3lo en boleter\u00eda del teatro)<\/li>\n<li><strong>2&#215;1<\/strong> <strong>en las funciones de<\/strong> <strong>cine de <a href=\"https:\/\/salazitarrosa.montevideo.gub.uy\/\" target=\"_blank\" rel=\"noopener noreferrer\">Sala Zitarrosa<\/a><\/strong> (18 de Julio casi Julio Herrera y Obes)<\/li>\n<li><strong>50% de descuento en Sala B del Auditorio Nelly Goiti\u00f1o del SODRE <\/strong>(18 de Julio y Wilson Ferreira Aldunate)<\/li>\n<li><strong>suscripci\u00f3n bonificada a <a href=\"https:\/\/uy.qubit.tv\/\" target=\"_blank\" rel=\"noopener noreferrer\">Qubit<\/a><\/strong><\/li>\n<\/ul>\n","protected":false},"excerpt":{"rendered":"<p>La ECU ofrece un 20% de descuento en sus cursos y talleres extracurriculares a socios de Cinemateca Uruguaya, socios de ASOPROD, GREMIOCINE, Comunidad La Diaria, y estudiantes de instituciones tanto p&uacute;blicas como privadas (presentando certificado o comprobante). Los socios o hijos de socios de Cinemateca Uruguaya, as&iacute; como&nbsp;socios de Comunidad La Diaria, tienen un 50%&#8230; <\/p>\n<div class=\"clear\"><\/div>\n<p><a href=\"https:\/\/ecu.edu.uy\/sitioweb\/descuentos-y-beneficios\/\" class=\"gdlr-button with-border excerpt-read-more\">Leer mas<\/a><\/p>\n","protected":false},"author":3,"featured_media":0,"parent":0,"menu_order":0,"comment_status":"closed","ping_status":"closed","template":"","meta":[],"_links":{"self":[{"href":"https:\/\/ecu.edu.uy\/sitioweb\/wp-json\/wp\/v2\/pages\/3695"}],"collection":[{"href":"https:\/\/ecu.edu.uy\/sitioweb\/wp-json\/wp\/v2\/pages"}],"about":[{"href":"https:\/\/ecu.edu.uy\/sitioweb\/wp-json\/wp\/v2\/types\/page"}],"author":[{"embeddable":true,"href":"https:\/\/ecu.edu.uy\/sitioweb\/wp-json\/wp\/v2\/users\/3"}],"replies":[{"embeddable":true,"href":"https:\/\/ecu.edu.uy\/sitioweb\/wp-json\/wp\/v2\/comments?post=3695"}],"version-history":[{"count":15,"href":"https:\/\/ecu.edu.uy\/sitioweb\/wp-json\/wp\/v2\/pages\/3695\/revisions"}],"predecessor-version":[{"id":8709,"href":"https:\/\/ecu.edu.uy\/sitioweb\/wp-json\/wp\/v2\/pages\/3695\/revisions\/8709"}],"wp:attachment":[{"href":"https:\/\/ecu.edu.uy\/sitioweb\/wp-json\/wp\/v2\/media?parent=3695"}],"curies":[{"name":"wp","href":"https:\/\/api.w.org\/{rel}","templated":true}]}}