{"id":6614,"date":"2018-10-26T22:47:19","date_gmt":"2018-10-27T01:47:19","guid":{"rendered":"http:\/\/ecu.edu.uy\/sitioweb\/?page_id=6614"},"modified":"2024-11-07T18:49:08","modified_gmt":"2024-11-07T21:49:08","slug":"diplomados","status":"publish","type":"page","link":"https:\/\/ecu.edu.uy\/sitioweb\/diplomados\/","title":{"rendered":"Diplomados"},"content":{"rendered":"<p><img loading=\"lazy\" class=\"alignnone size-full wp-image-9424\" src=\"https:\/\/ecu.edu.uy\/wp-content\/uploads\/2024\/11\/EncabezadoGenerico.jpg\" alt=\"\" width=\"1121\" height=\"181\" srcset=\"https:\/\/ecu.edu.uy\/wp-content\/uploads\/2024\/11\/EncabezadoGenerico.jpg 1121w, https:\/\/ecu.edu.uy\/wp-content\/uploads\/2024\/11\/EncabezadoGenerico-300x48.jpg 300w, https:\/\/ecu.edu.uy\/wp-content\/uploads\/2024\/11\/EncabezadoGenerico-1024x165.jpg 1024w, https:\/\/ecu.edu.uy\/wp-content\/uploads\/2024\/11\/EncabezadoGenerico-768x124.jpg 768w\" sizes=\"(max-width: 1121px) 100vw, 1121px\" \/><\/p>\n<p>Como alternativa a la <a href=\"https:\/\/ecu.edu.uy\/sitioweb\/carrera-de-realizacion-cinematografica\/\"><strong>Carrera de Realizaci\u00f3n Cinematogr\u00e1fica<\/strong><\/a> la ECU ofrece <strong>Diplomados<\/strong> de <strong>dos a\u00f1os a dos a\u00f1os y medio de duraci\u00f3n<\/strong> en las siguientes \u00e1reas:<\/p>\n<p><strong>Fotograf\u00eda y C\u00e1mara:<\/strong><\/p>\n<p>Dirigido a quienes buscan desempe\u00f1ar cualquier rol dentro del equipo de fotograf\u00eda de un proyecto audiovisual: el\u00e9ctrico, gaffer, c\u00e1mara, asistente de c\u00e1mara, direcci\u00f3n de fotograf\u00eda e iluminaci\u00f3n y correcci\u00f3n de color en postproducci\u00f3n. <strong>Duraci\u00f3n total: dos a\u00f1os y medio (cinco semestres).<\/strong><\/p>\n<p><strong><a href=\"https:\/\/ecu.edu.uy\/wp-content\/uploads\/2024\/11\/Diplomado-Foto-y-Camara-ECU-2025.pdf\" target=\"_blank\" rel=\"noopener\">Descargar Dossier informativo (pdf)<\/a><\/strong><\/p>\n<p><strong>Direcci\u00f3n de Arte:<\/strong><\/p>\n<p>Dirigido a quienes buscan concebir y ejecutar la direcci\u00f3n de arte de un proyecto audiovisual, con una comprensi\u00f3n global e integral de lenguaje cinematogr\u00e1fico, est\u00e9tica del cine, producci\u00f3n y gesti\u00f3n de recursos humanos y materiales y din\u00e1mica de rodaje. <strong>Duraci\u00f3n total: dos a\u00f1os (cuatro semestres).<\/strong><\/p>\n<p><strong><a href=\"https:\/\/ecu.edu.uy\/wp-content\/uploads\/2024\/11\/Diplomado-Direccion-de-Arte-ECU-2025.pdf\" target=\"_blank\" rel=\"noopener\">Descargar Dossier informativo (pdf)<\/a><\/strong><\/p>\n<p>Cada diplomado te brindar\u00e1 las herramientas pr\u00e1cticas as\u00ed como los fundamentos te\u00f3ricos de cada \u00e1rea, tanto desde el punto de vista t\u00e9cnico como creativo, pudiendo participar activamente en los proyectos curriculares de la carrera. Al mismo tiempo, podr\u00e1s desarrollar tu capacidad de an\u00e1lisis y mirada cr\u00edtica en base a conocimientos de lenguaje cinematogr\u00e1fico, historia del arte e historia del cine.<\/p>\n<p>Los d\u00edas y horarios de cada materia coincidir\u00e1n con los cursos de la <strong>Carrera de Realizaci\u00f3n<\/strong>, siempre entre las 18 y las 22 horas; excepcionalmente pueden plantearse algunas clases los d\u00edas s\u00e1bados. Inicio: mediados de marzo.<\/p>\n<p><strong>Requisitos de inscripci\u00f3n:<\/strong><\/p>\n<p>\u2022 Bachillerato aprobado en cualquier orientaci\u00f3n (presentar escolaridad). Se puede ingresar con hasta una (1) materia previa, la cual debe ser aprobada durante el primer semestre del diplomado<br \/>\n\u2022 Una foto carn\u00e9 y una foto carn\u00e9 digital (enviar a academica@ecu.edu.uy)<br \/>\n\u2022 Copia del documento de identidad<br \/>\n\u2022 Copia de vacuna antitet\u00e1nica vigente<br \/>\n\u2022 Comprobante de pago de la matr\u00edcula de inscripci\u00f3n (dep\u00f3sito o transferencia bancaria)<br \/>\n\u2022 Entrevista de admisi\u00f3n (en febrero\/marzo). El objetivo es conocer el perfil de cada aspirante y sus expectativas respecto al diplomado (no es necesario demostrar conocimiento t\u00e9cnico previo)<\/p>\n<p><strong>Por m\u00e1s informaci\u00f3n, agendar una entrevista informativa o inscripciones:<\/strong><\/p>\n<p>info@ecu.edu.uy \/ 2916 9760 \/ WhatsApp 092 893827 (lunes a viernes de 14 a 21 horas).<\/p>\n","protected":false},"excerpt":{"rendered":"<p>Como alternativa a la Carrera de Realizaci&oacute;n Cinematogr&aacute;fica la ECU ofrece Diplomados de dos a&ntilde;os a dos a&ntilde;os y medio de duraci&oacute;n en las siguientes &aacute;reas: Fotograf&iacute;a y C&aacute;mara: Dirigido a quienes buscan desempe&ntilde;ar cualquier rol dentro del equipo de fotograf&iacute;a de un proyecto audiovisual: el&eacute;ctrico, gaffer, c&aacute;mara, asistente de c&aacute;mara, direcci&oacute;n de fotograf&iacute;a e&#8230; <\/p>\n<div class=\"clear\"><\/div>\n<p><a href=\"https:\/\/ecu.edu.uy\/sitioweb\/diplomados\/\" class=\"gdlr-button with-border excerpt-read-more\">Leer mas<\/a><\/p>\n","protected":false},"author":2,"featured_media":0,"parent":0,"menu_order":0,"comment_status":"closed","ping_status":"closed","template":"","meta":[],"_links":{"self":[{"href":"https:\/\/ecu.edu.uy\/sitioweb\/wp-json\/wp\/v2\/pages\/6614"}],"collection":[{"href":"https:\/\/ecu.edu.uy\/sitioweb\/wp-json\/wp\/v2\/pages"}],"about":[{"href":"https:\/\/ecu.edu.uy\/sitioweb\/wp-json\/wp\/v2\/types\/page"}],"author":[{"embeddable":true,"href":"https:\/\/ecu.edu.uy\/sitioweb\/wp-json\/wp\/v2\/users\/2"}],"replies":[{"embeddable":true,"href":"https:\/\/ecu.edu.uy\/sitioweb\/wp-json\/wp\/v2\/comments?post=6614"}],"version-history":[{"count":32,"href":"https:\/\/ecu.edu.uy\/sitioweb\/wp-json\/wp\/v2\/pages\/6614\/revisions"}],"predecessor-version":[{"id":9437,"href":"https:\/\/ecu.edu.uy\/sitioweb\/wp-json\/wp\/v2\/pages\/6614\/revisions\/9437"}],"wp:attachment":[{"href":"https:\/\/ecu.edu.uy\/sitioweb\/wp-json\/wp\/v2\/media?parent=6614"}],"curies":[{"name":"wp","href":"https:\/\/api.w.org\/{rel}","templated":true}]}}