{"id":6623,"date":"2018-10-29T21:20:10","date_gmt":"2018-10-30T00:20:10","guid":{"rendered":"http:\/\/ecu.edu.uy\/sitioweb\/?page_id=6623"},"modified":"2024-11-07T18:47:11","modified_gmt":"2024-11-07T21:47:11","slug":"diplomado_actuacion","status":"publish","type":"page","link":"https:\/\/ecu.edu.uy\/sitioweb\/diplomado_actuacion\/","title":{"rendered":"Diplomado Actuaci\u00f3n Cine"},"content":{"rendered":"<p><img loading=\"lazy\" class=\"alignnone size-full wp-image-9433\" src=\"https:\/\/ecu.edu.uy\/wp-content\/uploads\/2024\/11\/EncabezadoActuacion.jpg\" alt=\"\" width=\"1121\" height=\"181\" srcset=\"https:\/\/ecu.edu.uy\/wp-content\/uploads\/2024\/11\/EncabezadoActuacion.jpg 1121w, https:\/\/ecu.edu.uy\/wp-content\/uploads\/2024\/11\/EncabezadoActuacion-300x48.jpg 300w, https:\/\/ecu.edu.uy\/wp-content\/uploads\/2024\/11\/EncabezadoActuacion-1024x165.jpg 1024w, https:\/\/ecu.edu.uy\/wp-content\/uploads\/2024\/11\/EncabezadoActuacion-768x124.jpg 768w\" sizes=\"(max-width: 1121px) 100vw, 1121px\" \/><\/p>\n<p>La <strong>Escuela de Cine del Uruguay (ECU)<\/strong> ofrece anualmente su <strong>Diplomado en Actuaci\u00f3n para Cine y TV<\/strong>, cuyo inicio est\u00e1 previsto para mediados del mes de marzo.<\/p>\n<p>Se trata de un curso de un a\u00f1o de duraci\u00f3n (dos semestres), dos veces por semana, que ofrece herramientas tanto te\u00f3ricas como pr\u00e1cticas para actuar ante c\u00e1mara, entendiendo adem\u00e1s cu\u00e1l es la din\u00e1mica de una producci\u00f3n audiovisual (sea un corto o largometraje, una serie web o de TV, incluso un spot publicitario o un casting), desde su desarrollo hasta su etapa de distribuci\u00f3n, siempre desde el punto de vista del actor o actriz.<\/p>\n<p>Est\u00e1 pensado tanto para quienes tengan formaci\u00f3n o experiencia actoral previa como para quienes no la tengan pero deseen incursionar en la actuaci\u00f3n ante c\u00e1maras.<\/p>\n<p>El cuerpo docente est\u00e1 integrado por docentes de la ECU, m\u00e1s otros docentes invitados, bajo la coordinaci\u00f3n de <a href=\"https:\/\/ecu.edu.uy\/sitioweb\/author\/fernando-hernandez\/\" target=\"_blank\" rel=\"noopener noreferrer\"><strong>Fernando Hern\u00e1ndez<\/strong><\/a> (actor, director y docente).<\/p>\n<p>El curso transita por dos ejes tem\u00e1ticos principales, en constante interacci\u00f3n:<\/p>\n<p><strong>Actuaci\u00f3n:<\/strong><\/p>\n<p>Se trabajar\u00e1 sobre conceptos b\u00e1sicos de actuaci\u00f3n (acci\u00f3n, objetivos, circunstancias, atm\u00f3sferas, personaje, etc.) y se abordar\u00e1n especificidades propias del lenguaje audiovisual (rol del actor, ritmo, repetici\u00f3n, el aqu\u00ed y ahora, momento privado, entre otros). Todas las propuestas que se realicen en el curso de actuaci\u00f3n ser\u00e1n trabajadas en la pr\u00e1ctica y observadas luego para poder analizar los contenidos generados.<\/p>\n<p><strong>Lenguaje y t\u00e9cnica audiovisual:<\/strong><\/p>\n<p>Curso introductorio de lenguaje audiovisual: etapas de producci\u00f3n de un proyecto, conformaci\u00f3n de un equipo t\u00e9cnico, valores de plano, movimientos de c\u00e1mara, construcci\u00f3n del espacio y la puesta en escena cinematogr\u00e1fica, t\u00e9cnica audiovisual (conceptos b\u00e1sicos de c\u00e1mara e iluminaci\u00f3n, registro de sonido, continuidad y montaje), relacionamiento del actor con el medio audiovisual y con cada \u00e1rea y etapa de trabajo dentro de una producci\u00f3n audiovisual, caracter\u00edsticas del medio local (estilo y formatos de producci\u00f3n nacional, tarifas, contratos, formas de vincularse, castings, etc.).<\/p>\n<p><strong><a href=\"https:\/\/ecu.edu.uy\/wp-content\/uploads\/2024\/11\/Diplomado-Actuacion-ECU-2025.pdf\" target=\"_blank\" rel=\"noopener\">Descargar Dossier informativo (pdf)<\/a><\/strong><\/p>\n<p><strong>Fechas y horarios:<\/strong><\/p>\n<p>Los cursos comienzan en el mes de marzo de cada a\u00f1o y se extienden hasta diciembre. El horario es los <strong>lunes y viernes de 9 a 12 horas<\/strong>.<\/p>\n<p><strong>Requisitos de ingreso:<\/strong><\/p>\n<p>\u2022 Edad m\u00ednima: 18 a\u00f1os<br \/>\n\u2022 Una foto carn\u00e9 y una foto carn\u00e9 digital (enviar a academica@ecu.edu.uy)<br \/>\n\u2022 Copia del documento de identidad<br \/>\n\u2022 Copia de vacuna antitet\u00e1nica vigente<br \/>\n\u2022 Comprobante de pago de la matr\u00edcula de inscripci\u00f3n (dep\u00f3sito o transferencia bancaria)<br \/>\n\u2022 Entrevista de admisi\u00f3n (febrero\/marzo). El objetivo es conocer el perfil de cada aspirante y sus expectativas respecto al Diplomado (no es necesaria experiencia previa)<\/p>\n<p><strong>Por m\u00e1s informaci\u00f3n, agendar una entrevista informativa o inscripciones:<\/strong><\/p>\n<p>info@ecu.edu.uy \/ 2916 9760 \/ WhatsApp 092 893827 (lunes a viernes de 14 a 21 horas).<\/p>\n","protected":false},"excerpt":{"rendered":"<p>La Escuela de Cine del Uruguay (ECU) ofrece anualmente su Diplomado en Actuaci&oacute;n para Cine y TV, cuyo inicio est&aacute; previsto para mediados del mes de marzo. Se trata de un curso de un a&ntilde;o de duraci&oacute;n (dos semestres), dos veces por semana, que ofrece herramientas tanto te&oacute;ricas como pr&aacute;cticas para actuar ante c&aacute;mara, entendiendo&#8230; <\/p>\n<div class=\"clear\"><\/div>\n<p><a href=\"https:\/\/ecu.edu.uy\/sitioweb\/diplomado_actuacion\/\" class=\"gdlr-button with-border excerpt-read-more\">Leer mas<\/a><\/p>\n","protected":false},"author":2,"featured_media":0,"parent":0,"menu_order":0,"comment_status":"closed","ping_status":"closed","template":"","meta":[],"_links":{"self":[{"href":"https:\/\/ecu.edu.uy\/sitioweb\/wp-json\/wp\/v2\/pages\/6623"}],"collection":[{"href":"https:\/\/ecu.edu.uy\/sitioweb\/wp-json\/wp\/v2\/pages"}],"about":[{"href":"https:\/\/ecu.edu.uy\/sitioweb\/wp-json\/wp\/v2\/types\/page"}],"author":[{"embeddable":true,"href":"https:\/\/ecu.edu.uy\/sitioweb\/wp-json\/wp\/v2\/users\/2"}],"replies":[{"embeddable":true,"href":"https:\/\/ecu.edu.uy\/sitioweb\/wp-json\/wp\/v2\/comments?post=6623"}],"version-history":[{"count":26,"href":"https:\/\/ecu.edu.uy\/sitioweb\/wp-json\/wp\/v2\/pages\/6623\/revisions"}],"predecessor-version":[{"id":9434,"href":"https:\/\/ecu.edu.uy\/sitioweb\/wp-json\/wp\/v2\/pages\/6623\/revisions\/9434"}],"wp:attachment":[{"href":"https:\/\/ecu.edu.uy\/sitioweb\/wp-json\/wp\/v2\/media?parent=6623"}],"curies":[{"name":"wp","href":"https:\/\/api.w.org\/{rel}","templated":true}]}}